{"id":1004,"date":"2025-05-15T13:22:20","date_gmt":"2025-05-15T11:22:20","guid":{"rendered":"https:\/\/quiz-test-personalidad.com\/?post_type=product&#038;p=1004"},"modified":"2025-05-27T15:44:08","modified_gmt":"2025-05-27T13:44:08","slug":"reporte-tendencia-cumplidora","status":"publish","type":"product","link":"https:\/\/quiz-test-personalidad.com\/es\/producto\/reporte-tendencia-cumplidora\/","title":{"rendered":"Reporte Tendencia Cumplidora"},"content":{"rendered":"<p data-end=\"5390\" data-start=\"5293\"><span data-css=\"tve-u-196d3cfc9d7\">\ud83d\udd13\u00a0<em data-end=\"5387\" data-start=\"5340\">Desbloquea tu informe completo y descubre:<\/em><\/span><\/p>\n<p>-C\u00f3mo mantener la motivaci\u00f3n sin perder autonom\u00eda<\/p>\n<p>-C\u00f3mo navegar relaciones sin sentirte limitado\/a<\/p>\n<p>-Estrategias para actuar sin auto-sabotaje<\/p>","protected":false},"excerpt":{"rendered":"<p data-end=\"5390\" data-start=\"5293\"><span data-css=\"tve-u-196d3cfc9d7\">\ud83d\udd13\u00a0<em data-end=\"5387\" data-start=\"5340\">Desbloquea tu informe completo <\/em><\/span><\/p>","protected":false},"featured_media":1006,"template":"","meta":{"_crdt_document":"","jetpack_post_was_ever_published":false,"jetpack_publicize_message":"","jetpack_publicize_feature_enabled":true,"jetpack_social_post_already_shared":true,"jetpack_social_options":{"image_generator_settings":{"template":"highway","default_image_id":0,"font":"","enabled":false},"version":2},"_wpas_customize_per_network":false},"product_brand":[],"product_cat":[],"product_tag":[],"class_list":{"0":"post-1004","1":"product","2":"type-product","3":"status-publish","4":"has-post-thumbnail","7":"first","8":"instock","9":"sale","10":"downloadable","11":"virtual","12":"purchasable","13":"product-type-simple"},"jetpack_publicize_connections":[],"jetpack_likes_enabled":true,"jetpack_sharing_enabled":true,"jetpack-related-posts":[],"_links":{"self":[{"href":"https:\/\/quiz-test-personalidad.com\/es\/wp-json\/wp\/v2\/product\/1004","targetHints":{"allow":["GET"]}}],"collection":[{"href":"https:\/\/quiz-test-personalidad.com\/es\/wp-json\/wp\/v2\/product"}],"about":[{"href":"https:\/\/quiz-test-personalidad.com\/es\/wp-json\/wp\/v2\/types\/product"}],"wp:featuredmedia":[{"embeddable":true,"href":"https:\/\/quiz-test-personalidad.com\/es\/wp-json\/wp\/v2\/media\/1006"}],"wp:attachment":[{"href":"https:\/\/quiz-test-personalidad.com\/es\/wp-json\/wp\/v2\/media?parent=1004"}],"wp:term":[{"taxonomy":"product_brand","embeddable":true,"href":"https:\/\/quiz-test-personalidad.com\/es\/wp-json\/wp\/v2\/product_brand?post=1004"},{"taxonomy":"product_cat","embeddable":true,"href":"https:\/\/quiz-test-personalidad.com\/es\/wp-json\/wp\/v2\/product_cat?post=1004"},{"taxonomy":"product_tag","embeddable":true,"href":"https:\/\/quiz-test-personalidad.com\/es\/wp-json\/wp\/v2\/product_tag?post=1004"}],"curies":[{"name":"wp","href":"https:\/\/api.w.org\/{rel}","templated":true}]}}