{"id":391,"date":"2024-11-01T19:08:37","date_gmt":"2024-11-01T18:08:37","guid":{"rendered":"https:\/\/quiz-test-personalidad.com\/?post_type=product&#038;p=391"},"modified":"2025-01-15T17:10:55","modified_gmt":"2025-01-15T16:10:55","slug":"reporte-lenguaje-del-amor-3","status":"publish","type":"product","link":"https:\/\/quiz-test-personalidad.com\/es\/producto\/reporte-lenguaje-del-amor-3\/","title":{"rendered":"Reporte Lenguaje del Amor"},"content":{"rendered":"","protected":false},"excerpt":{"rendered":"<pre id=\"tw-target-text\" class=\"tw-data-text tw-text-large tw-ta\" dir=\"ltr\" data-placeholder=\"Translation\" data-ved=\"2ahUKEwjXoaP38OyIAxXHA9sEHXQHLM4Q3ewLegQIExAW\" aria-label=\"Translated text: \u00a1Desbloquee los secretos para conexiones m\u00e1s profundas con su informe personalizado sobre el lenguaje del amor! \u00bfAlguna vez te has preguntado por qu\u00e9 expresas y experimentas el amor de manera diferente que los dem\u00e1s? Descubra su lenguaje de amor principal y obtenga conocimientos profundos sobre la din\u00e1mica de su relaci\u00f3n. Este informe completo, basado en los resultados \u00fanicos de su cuestionario, proporciona una hoja de ruta para navegar sus relaciones con mayor comprensi\u00f3n, fomentar v\u00ednculos m\u00e1s fuertes y expresar amor de maneras que realmente resuenen.\"><span class=\"Y2IQFc\" lang=\"es\">\u00a1Desbloquea los secretos para conexiones m\u00e1s profundas con tu informe personalizado sobre el lenguaje del amor!\r\n\r\nDescubre tu lenguaje de amor principal y accede a conocimientos  que permiten fomentar v\u00ednculos m\u00e1s fuertes y expresar amor de maneras que realmente resuenen.<\/span><\/pre>","protected":false},"featured_media":383,"template":"","meta":{"_crdt_document":"","jetpack_post_was_ever_published":false,"jetpack_publicize_message":"","jetpack_publicize_feature_enabled":true,"jetpack_social_post_already_shared":true,"jetpack_social_options":{"image_generator_settings":{"template":"highway","default_image_id":0,"font":"","enabled":false},"version":2},"_wpas_customize_per_network":false},"product_brand":[],"product_cat":[],"product_tag":[1386],"class_list":{"0":"post-391","1":"product","2":"type-product","3":"status-publish","4":"has-post-thumbnail","6":"product_tag-a","8":"first","9":"instock","10":"downloadable","11":"taxable","12":"shipping-taxable","13":"purchasable","14":"product-type-simple"},"jetpack_publicize_connections":[],"jetpack_likes_enabled":false,"jetpack_sharing_enabled":false,"jetpack-related-posts":[],"_links":{"self":[{"href":"https:\/\/quiz-test-personalidad.com\/es\/wp-json\/wp\/v2\/product\/391","targetHints":{"allow":["GET"]}}],"collection":[{"href":"https:\/\/quiz-test-personalidad.com\/es\/wp-json\/wp\/v2\/product"}],"about":[{"href":"https:\/\/quiz-test-personalidad.com\/es\/wp-json\/wp\/v2\/types\/product"}],"wp:featuredmedia":[{"embeddable":true,"href":"https:\/\/quiz-test-personalidad.com\/es\/wp-json\/wp\/v2\/media\/383"}],"wp:attachment":[{"href":"https:\/\/quiz-test-personalidad.com\/es\/wp-json\/wp\/v2\/media?parent=391"}],"wp:term":[{"taxonomy":"product_brand","embeddable":true,"href":"https:\/\/quiz-test-personalidad.com\/es\/wp-json\/wp\/v2\/product_brand?post=391"},{"taxonomy":"product_cat","embeddable":true,"href":"https:\/\/quiz-test-personalidad.com\/es\/wp-json\/wp\/v2\/product_cat?post=391"},{"taxonomy":"product_tag","embeddable":true,"href":"https:\/\/quiz-test-personalidad.com\/es\/wp-json\/wp\/v2\/product_tag?post=391"}],"curies":[{"name":"wp","href":"https:\/\/api.w.org\/{rel}","templated":true}]}}